{"id":274,"date":"2023-04-30T13:31:10","date_gmt":"2023-04-30T13:31:10","guid":{"rendered":"http:\/\/balaam.es\/?page_id=274"},"modified":"2023-06-12T15:47:32","modified_gmt":"2023-06-12T15:47:32","slug":"sobre-balaam","status":"publish","type":"page","link":"https:\/\/balaam.es\/es\/sobre-balaam\/","title":{"rendered":"About us"},"content":{"rendered":"<div data-elementor-type=\"wp-post\" data-elementor-id=\"274\" class=\"elementor elementor-274\">\n\t\t\t\t\t\t\t\t\t<section class=\"elementor-section elementor-top-section elementor-element elementor-element-707d5c51 elementor-section-height-full elementor-section-boxed elementor-section-height-default elementor-section-items-middle\" data-id=\"707d5c51\" data-element_type=\"section\" data-settings=\"{&quot;background_background&quot;:&quot;slideshow&quot;,&quot;background_slideshow_gallery&quot;:[{&quot;id&quot;:358,&quot;url&quot;:&quot;http:\\\/\\\/balaam.es\\\/wp-content\\\/uploads\\\/2023\\\/04\\\/Capture-decran-2023-04-30-a-16.52.57.png&quot;}],&quot;background_slideshow_loop&quot;:&quot;yes&quot;,&quot;background_slideshow_slide_duration&quot;:5000,&quot;background_slideshow_slide_transition&quot;:&quot;fade&quot;,&quot;background_slideshow_transition_duration&quot;:500}\">\n\t\t\t\t\t\t\t<div class=\"elementor-background-overlay\"><\/div>\n\t\t\t\t\t\t\t<div class=\"elementor-container elementor-column-gap-default\">\n\t\t\t\t\t<div class=\"elementor-column elementor-col-100 elementor-top-column elementor-element elementor-element-7716030c\" data-id=\"7716030c\" data-element_type=\"column\">\n\t\t\t<div class=\"elementor-widget-wrap elementor-element-populated\">\n\t\t\t\t\t\t\t\t<div class=\"elementor-element elementor-element-237145eb de_scroll_animation_no elementor-invisible elementor-widget elementor-widget-text-editor\" data-id=\"237145eb\" data-element_type=\"widget\" data-settings=\"{&quot;_animation&quot;:&quot;fadeIn&quot;}\" data-widget_type=\"text-editor.default\">\n\t\t\t\t<div class=\"elementor-widget-container\">\n\t\t\t<style>\/*! elementor - v3.13.3 - 28-05-2023 *\/\n.elementor-widget-text-editor.elementor-drop-cap-view-stacked .elementor-drop-cap{background-color:#69727d;color:#fff}.elementor-widget-text-editor.elementor-drop-cap-view-framed .elementor-drop-cap{color:#69727d;border:3px solid;background-color:transparent}.elementor-widget-text-editor:not(.elementor-drop-cap-view-default) .elementor-drop-cap{margin-top:8px}.elementor-widget-text-editor:not(.elementor-drop-cap-view-default) .elementor-drop-cap-letter{width:1em;height:1em}.elementor-widget-text-editor .elementor-drop-cap{float:left;text-align:center;line-height:1;font-size:50px}.elementor-widget-text-editor .elementor-drop-cap-letter{display:inline-block}<\/style>\t\t\t\t<p>MADRID \u00b7 CHAMBERI<\/p>\t\t\t\t\t\t<\/div>\n\t\t\t\t<\/div>\n\t\t\t\t<div class=\"elementor-element elementor-element-1d990910 de_scroll_animation_no elementor-invisible elementor-widget elementor-widget-heading\" data-id=\"1d990910\" data-element_type=\"widget\" data-settings=\"{&quot;_animation&quot;:&quot;fadeIn&quot;,&quot;_animation_delay&quot;:200}\" data-widget_type=\"heading.default\">\n\t\t\t\t<div class=\"elementor-widget-container\">\n\t\t\t<style>\/*! elementor - v3.13.3 - 28-05-2023 *\/\n.elementor-heading-title{padding:0;margin:0;line-height:1}.elementor-widget-heading .elementor-heading-title[class*=elementor-size-]>a{color:inherit;font-size:inherit;line-height:inherit}.elementor-widget-heading .elementor-heading-title.elementor-size-small{font-size:15px}.elementor-widget-heading .elementor-heading-title.elementor-size-medium{font-size:19px}.elementor-widget-heading .elementor-heading-title.elementor-size-large{font-size:29px}.elementor-widget-heading .elementor-heading-title.elementor-size-xl{font-size:39px}.elementor-widget-heading .elementor-heading-title.elementor-size-xxl{font-size:59px}<\/style><h1 class=\"elementor-heading-title elementor-size-default\">Conoce a Tu Terapeuta<\/h1>\t\t<\/div>\n\t\t\t\t<\/div>\n\t\t\t\t<div class=\"elementor-element elementor-element-39c64b63 elementor-widget-divider--view-line de_scroll_animation_no elementor-invisible elementor-widget elementor-widget-divider\" data-id=\"39c64b63\" data-element_type=\"widget\" data-settings=\"{&quot;_animation&quot;:&quot;fadeIn&quot;,&quot;_animation_delay&quot;:400}\" data-widget_type=\"divider.default\">\n\t\t\t\t<div class=\"elementor-widget-container\">\n\t\t\t<style>\/*! elementor - v3.13.3 - 28-05-2023 *\/\n.elementor-widget-divider{--divider-border-style:none;--divider-border-width:1px;--divider-color:#0c0d0e;--divider-icon-size:20px;--divider-element-spacing:10px;--divider-pattern-height:24px;--divider-pattern-size:20px;--divider-pattern-url:none;--divider-pattern-repeat:repeat-x}.elementor-widget-divider .elementor-divider{display:flex}.elementor-widget-divider .elementor-divider__text{font-size:15px;line-height:1;max-width:95%}.elementor-widget-divider .elementor-divider__element{margin:0 var(--divider-element-spacing);flex-shrink:0}.elementor-widget-divider .elementor-icon{font-size:var(--divider-icon-size)}.elementor-widget-divider .elementor-divider-separator{display:flex;margin:0;direction:ltr}.elementor-widget-divider--view-line_icon .elementor-divider-separator,.elementor-widget-divider--view-line_text .elementor-divider-separator{align-items:center}.elementor-widget-divider--view-line_icon .elementor-divider-separator:after,.elementor-widget-divider--view-line_icon .elementor-divider-separator:before,.elementor-widget-divider--view-line_text .elementor-divider-separator:after,.elementor-widget-divider--view-line_text .elementor-divider-separator:before{display:block;content:\"\";border-bottom:0;flex-grow:1;border-top:var(--divider-border-width) var(--divider-border-style) var(--divider-color)}.elementor-widget-divider--element-align-left .elementor-divider .elementor-divider-separator>.elementor-divider__svg:first-of-type{flex-grow:0;flex-shrink:100}.elementor-widget-divider--element-align-left .elementor-divider-separator:before{content:none}.elementor-widget-divider--element-align-left .elementor-divider__element{margin-left:0}.elementor-widget-divider--element-align-right .elementor-divider .elementor-divider-separator>.elementor-divider__svg:last-of-type{flex-grow:0;flex-shrink:100}.elementor-widget-divider--element-align-right .elementor-divider-separator:after{content:none}.elementor-widget-divider--element-align-right .elementor-divider__element{margin-right:0}.elementor-widget-divider:not(.elementor-widget-divider--view-line_text):not(.elementor-widget-divider--view-line_icon) .elementor-divider-separator{border-top:var(--divider-border-width) var(--divider-border-style) var(--divider-color)}.elementor-widget-divider--separator-type-pattern{--divider-border-style:none}.elementor-widget-divider--separator-type-pattern.elementor-widget-divider--view-line .elementor-divider-separator,.elementor-widget-divider--separator-type-pattern:not(.elementor-widget-divider--view-line) .elementor-divider-separator:after,.elementor-widget-divider--separator-type-pattern:not(.elementor-widget-divider--view-line) .elementor-divider-separator:before,.elementor-widget-divider--separator-type-pattern:not([class*=elementor-widget-divider--view]) .elementor-divider-separator{width:100%;min-height:var(--divider-pattern-height);-webkit-mask-size:var(--divider-pattern-size) 100%;mask-size:var(--divider-pattern-size) 100%;-webkit-mask-repeat:var(--divider-pattern-repeat);mask-repeat:var(--divider-pattern-repeat);background-color:var(--divider-color);-webkit-mask-image:var(--divider-pattern-url);mask-image:var(--divider-pattern-url)}.elementor-widget-divider--no-spacing{--divider-pattern-size:auto}.elementor-widget-divider--bg-round{--divider-pattern-repeat:round}.rtl .elementor-widget-divider .elementor-divider__text{direction:rtl}.e-con-inner>.elementor-widget-divider,.e-con>.elementor-widget-divider{width:var(--container-widget-width,100%);--flex-grow:var(--container-widget-flex-grow)}<\/style>\t\t<div class=\"elementor-divider\">\n\t\t\t<span class=\"elementor-divider-separator\">\n\t\t\t\t\t\t<\/span>\n\t\t<\/div>\n\t\t\t\t<\/div>\n\t\t\t\t<\/div>\n\t\t\t\t<div class=\"elementor-element elementor-element-1f8018bf de_scroll_animation_no elementor-invisible elementor-widget elementor-widget-text-editor\" data-id=\"1f8018bf\" data-element_type=\"widget\" data-settings=\"{&quot;_animation&quot;:&quot;fadeIn&quot;,&quot;_animation_delay&quot;:600}\" data-widget_type=\"text-editor.default\">\n\t\t\t\t<div class=\"elementor-widget-container\">\n\t\t\t\t\t\t\t<p>Contamos con a\u00f1os de experiencia y formaci\u00f3n en diversas t\u00e9cnicas de masajes ancestrales, desde el Kobido japon\u00e9s hasta el Lomi Lomi Nui hawaiano. Tanto si deseas relajarte con un masaje tailand\u00e9s tradicional como restablecer el equilibrio con pr\u00e1cticas ayurv\u00e9dicas, contamos con los conocimientos y la experiencia necesarios para guiarte en un viaje hacia la felicidad pura. Ven a experimentar la fusi\u00f3n definitiva de tradici\u00f3n y modernidad y deja que nuestros expertos terapeutas inspiren tu cuerpo y tu mente.<\/p>\t\t\t\t\t\t<\/div>\n\t\t\t\t<\/div>\n\t\t\t\t<div class=\"elementor-element elementor-element-89748cf elementor-align-center de_scroll_animation_no elementor-widget elementor-widget-button\" data-id=\"89748cf\" data-element_type=\"widget\" data-widget_type=\"button.default\">\n\t\t\t\t<div class=\"elementor-widget-container\">\n\t\t\t\t\t<div class=\"elementor-button-wrapper\">\n\t\t\t<a href=\"https:\/\/balaam.es\/es\/booking\/\" class=\"elementor-button-link elementor-button elementor-size-sm\" role=\"button\">\n\t\t\t\t\t\t<span class=\"elementor-button-content-wrapper\">\n\t\t\t\t\t\t<span class=\"elementor-button-text\">Reserva tu sesi\u00f3n<\/span>\n\t\t<\/span>\n\t\t\t\t\t<\/a>\n\t\t<\/div>\n\t\t\t\t<\/div>\n\t\t\t\t<\/div>\n\t\t\t\t\t<\/div>\n\t\t<\/div>\n\t\t\t\t\t\t\t<\/div>\n\t\t<\/section>\n\t\t\t\t<section class=\"elementor-section elementor-top-section elementor-element elementor-element-6eba531 elementor-section-boxed elementor-section-height-default elementor-section-height-default\" data-id=\"6eba531\" data-element_type=\"section\">\n\t\t\t\t\t\t<div class=\"elementor-container elementor-column-gap-default\">\n\t\t\t\t\t<div class=\"elementor-column elementor-col-100 elementor-top-column elementor-element elementor-element-a3d7d61\" data-id=\"a3d7d61\" data-element_type=\"column\">\n\t\t\t<div class=\"elementor-widget-wrap elementor-element-populated\">\n\t\t\t\t\t\t\t\t<div class=\"elementor-element elementor-element-181ae59 elementor-hidden-mobile de_scroll_animation_no elementor-widget elementor-widget-spacer\" data-id=\"181ae59\" data-element_type=\"widget\" data-widget_type=\"spacer.default\">\n\t\t\t\t<div class=\"elementor-widget-container\">\n\t\t\t<style>\/*! elementor - v3.13.3 - 28-05-2023 *\/\n.elementor-column .elementor-spacer-inner{height:var(--spacer-size)}.e-con{--container-widget-width:100%}.e-con-inner>.elementor-widget-spacer,.e-con>.elementor-widget-spacer{width:var(--container-widget-width,var(--spacer-size));--align-self:var(--container-widget-align-self,initial);--flex-shrink:0}.e-con-inner>.elementor-widget-spacer>.elementor-widget-container,.e-con-inner>.elementor-widget-spacer>.elementor-widget-container>.elementor-spacer,.e-con>.elementor-widget-spacer>.elementor-widget-container,.e-con>.elementor-widget-spacer>.elementor-widget-container>.elementor-spacer{height:100%}.e-con-inner>.elementor-widget-spacer>.elementor-widget-container>.elementor-spacer>.elementor-spacer-inner,.e-con>.elementor-widget-spacer>.elementor-widget-container>.elementor-spacer>.elementor-spacer-inner{height:var(--container-widget-height,var(--spacer-size))}<\/style>\t\t<div class=\"elementor-spacer\">\n\t\t\t<div class=\"elementor-spacer-inner\"><\/div>\n\t\t<\/div>\n\t\t\t\t<\/div>\n\t\t\t\t<\/div>\n\t\t\t\t\t<\/div>\n\t\t<\/div>\n\t\t\t\t\t\t\t<\/div>\n\t\t<\/section>\n\t\t\t\t<section class=\"elementor-section elementor-top-section elementor-element elementor-element-4d9f616 elementor-section-boxed elementor-section-height-default elementor-section-height-default\" data-id=\"4d9f616\" data-element_type=\"section\">\n\t\t\t\t\t\t<div class=\"elementor-container elementor-column-gap-default\">\n\t\t\t\t\t<div class=\"elementor-column elementor-col-50 elementor-top-column elementor-element elementor-element-30c2faf\" data-id=\"30c2faf\" data-element_type=\"column\">\n\t\t\t<div class=\"elementor-widget-wrap elementor-element-populated\">\n\t\t\t\t\t\t\t\t<div class=\"elementor-element elementor-element-3fc638a de_scroll_animation_no elementor-widget elementor-widget-image\" data-id=\"3fc638a\" data-element_type=\"widget\" data-widget_type=\"image.default\">\n\t\t\t\t<div class=\"elementor-widget-container\">\n\t\t\t<style>\/*! elementor - v3.13.3 - 28-05-2023 *\/\n.elementor-widget-image{text-align:center}.elementor-widget-image a{display:inline-block}.elementor-widget-image a img[src$=\".svg\"]{width:48px}.elementor-widget-image img{vertical-align:middle;display:inline-block}<\/style>\t\t\t\t\t\t\t\t\t\t\t\t<img loading=\"lazy\" decoding=\"async\" width=\"800\" height=\"798\" src=\"https:\/\/balaam.es\/wp-content\/uploads\/2023\/06\/Capture-decran-2023-06-12-a-15.28.39-1024x1022.png\" class=\"attachment-large size-large wp-image-480\" alt=\"Mait\u00e9 Ledesma Balaam\" srcset=\"https:\/\/balaam.es\/wp-content\/uploads\/2023\/06\/Capture-decran-2023-06-12-a-15.28.39-1024x1022.png 1024w, https:\/\/balaam.es\/wp-content\/uploads\/2023\/06\/Capture-decran-2023-06-12-a-15.28.39-300x300.png 300w, https:\/\/balaam.es\/wp-content\/uploads\/2023\/06\/Capture-decran-2023-06-12-a-15.28.39-150x150.png 150w, https:\/\/balaam.es\/wp-content\/uploads\/2023\/06\/Capture-decran-2023-06-12-a-15.28.39-768x767.png 768w, https:\/\/balaam.es\/wp-content\/uploads\/2023\/06\/Capture-decran-2023-06-12-a-15.28.39-12x12.png 12w, https:\/\/balaam.es\/wp-content\/uploads\/2023\/06\/Capture-decran-2023-06-12-a-15.28.39.png 1276w\" sizes=\"auto, (max-width: 800px) 100vw, 800px\" \/>\t\t\t\t\t\t\t\t\t\t\t\t\t\t\t<\/div>\n\t\t\t\t<\/div>\n\t\t\t\t\t<\/div>\n\t\t<\/div>\n\t\t\t\t<div class=\"elementor-column elementor-col-50 elementor-top-column elementor-element elementor-element-b762d5f\" data-id=\"b762d5f\" data-element_type=\"column\">\n\t\t\t<div class=\"elementor-widget-wrap elementor-element-populated\">\n\t\t\t\t\t\t\t\t<div class=\"elementor-element elementor-element-5bb1ed0 de_scroll_animation_no elementor-invisible elementor-widget elementor-widget-text-editor\" data-id=\"5bb1ed0\" data-element_type=\"widget\" data-settings=\"{&quot;_animation&quot;:&quot;fadeIn&quot;,&quot;_animation_delay&quot;:600}\" data-widget_type=\"text-editor.default\">\n\t\t\t\t<div class=\"elementor-widget-container\">\n\t\t\t\t\t\t\t<p>MAIT\u00c9 LEDESMA<\/p>\t\t\t\t\t\t<\/div>\n\t\t\t\t<\/div>\n\t\t\t\t<div class=\"elementor-element elementor-element-7c15827 de_scroll_animation_no elementor-invisible elementor-widget elementor-widget-text-editor\" data-id=\"7c15827\" data-element_type=\"widget\" data-settings=\"{&quot;_animation&quot;:&quot;fadeIn&quot;,&quot;_animation_delay&quot;:600}\" data-widget_type=\"text-editor.default\">\n\t\t\t\t<div class=\"elementor-widget-container\">\n\t\t\t\t\t\t\t<p>Me apasionan las culturas ancestrales, especialmente en el marco de la salud  y el bienestar. Soy vegetariana desde los 15 a\u00f1os, llevo siete a\u00f1os fuera de mi continente donde tuve la suerte de viajar a trav\u00e9s de \u00e9l y aprender el arte del buen vivir en diferentes pa\u00edses, conect\u00e1ndome con grandes personas que me acompa\u00f1aron a vivir experiencias inspiradoras  para mi vida,  actualmente resido en Madrid en donde la mayor parte de mi tiempo la dedico al masaje, el arte de curar con las manos y el coraz\u00f3n.<\/p><p>Mi naturaleza curiosa me lleva a explorar diferentes t\u00e9cnicas de las terapias manuales orientales y occidentales  combinando mi visi\u00f3n hol\u00edstica, instintiva, con la biomec\u00e1nica  y anatom\u00eda del cuerpo.\nHija de artesanos aromaterapeutas, nieta de curadores de palabra, ha estudiado con diversos maestros de diferentes partes del mundo, tambi\u00e9n en escuelas de madrid como Rak saeng, Ised y con  la maestra Maria Naviera.<\/p><p>Compartir con el otro desde la vulnerabilidad del ser, siempre sostenida por la pregunta m\u00e1s importante de mi vida  \u00bftiene coraz\u00f3n este camino?: si, lo tiene, y es lo que me ha tra\u00eddo hasta aqu\u00ed.<\/p>\t\t\t\t\t\t<\/div>\n\t\t\t\t<\/div>\n\t\t\t\t<div class=\"elementor-element elementor-element-fc2d116 elementor-align-right elementor-mobile-align-center de_scroll_animation_no elementor-widget elementor-widget-button\" data-id=\"fc2d116\" data-element_type=\"widget\" data-widget_type=\"button.default\">\n\t\t\t\t<div class=\"elementor-widget-container\">\n\t\t\t\t\t<div class=\"elementor-button-wrapper\">\n\t\t\t<a href=\"https:\/\/balaam.es\/es\/booking\/\" class=\"elementor-button-link elementor-button elementor-size-sm\" role=\"button\">\n\t\t\t\t\t\t<span class=\"elementor-button-content-wrapper\">\n\t\t\t\t\t\t<span class=\"elementor-button-text\">Book your session with Mait\u00e9<\/span>\n\t\t<\/span>\n\t\t\t\t\t<\/a>\n\t\t<\/div>\n\t\t\t\t<\/div>\n\t\t\t\t<\/div>\n\t\t\t\t\t<\/div>\n\t\t<\/div>\n\t\t\t\t\t\t\t<\/div>\n\t\t<\/section>\n\t\t\t\t<section class=\"elementor-section elementor-top-section elementor-element elementor-element-097801d elementor-section-boxed elementor-section-height-default elementor-section-height-default\" data-id=\"097801d\" data-element_type=\"section\">\n\t\t\t\t\t\t<div class=\"elementor-container elementor-column-gap-default\">\n\t\t\t\t\t<div class=\"elementor-column elementor-col-100 elementor-top-column elementor-element elementor-element-8152136\" data-id=\"8152136\" data-element_type=\"column\">\n\t\t\t<div class=\"elementor-widget-wrap elementor-element-populated\">\n\t\t\t\t\t\t\t\t<div class=\"elementor-element elementor-element-d5b29cb de_scroll_animation_no elementor-widget elementor-widget-spacer\" data-id=\"d5b29cb\" data-element_type=\"widget\" data-widget_type=\"spacer.default\">\n\t\t\t\t<div class=\"elementor-widget-container\">\n\t\t\t\t\t<div class=\"elementor-spacer\">\n\t\t\t<div class=\"elementor-spacer-inner\"><\/div>\n\t\t<\/div>\n\t\t\t\t<\/div>\n\t\t\t\t<\/div>\n\t\t\t\t\t<\/div>\n\t\t<\/div>\n\t\t\t\t\t\t\t<\/div>\n\t\t<\/section>\n\t\t\t\t\t\t\t<\/div>","protected":false},"excerpt":{"rendered":"<p>MADRID \u00b7 CHAMBERI Meet Your Therapist Our skilled therapists have years of experience and training in a range of ancient massage techniques, from Japanese Kobido to Hawaiian Lomi Lomi Nui. Whether you&#8217;re looking to relax with a traditional Thai massage or restore balance with Ayurvedic practices, our team has the knowledge and expertise to guide [&hellip;]<\/p>","protected":false},"author":1,"featured_media":501,"parent":0,"menu_order":0,"comment_status":"closed","ping_status":"closed","template":"","meta":{"footnotes":""},"class_list":["post-274","page","type-page","status-publish","has-post-thumbnail","hentry"],"yoast_head":"<!-- This site is optimized with the Yoast SEO plugin v20.8 - https:\/\/yoast.com\/wordpress\/plugins\/seo\/ -->\n<title>BALAAM \u00b7 Conoce a tu terapeuta en Madrid<\/title>\n<meta name=\"description\" content=\"Contamos con a\u00f1os de experiencia en diversas t\u00e9cnicas de masajes ancestrales, desde el Kobido japon\u00e9s hasta el Lomi Lomi Nui hawaiano.\" \/>\n<meta name=\"robots\" content=\"index, follow, max-snippet:-1, max-image-preview:large, max-video-preview:-1\" \/>\n<link rel=\"canonical\" href=\"https:\/\/balaam.es\/es\/sobre-balaam\/\" \/>\n<meta property=\"og:locale\" content=\"es_ES\" \/>\n<meta property=\"og:type\" content=\"article\" \/>\n<meta property=\"og:title\" content=\"BALAAM \u00b7 Conoce a tu terapeuta en Madrid\" \/>\n<meta property=\"og:description\" content=\"Contamos con a\u00f1os de experiencia en diversas t\u00e9cnicas de masajes ancestrales, desde el Kobido japon\u00e9s hasta el Lomi Lomi Nui hawaiano.\" \/>\n<meta property=\"og:url\" content=\"https:\/\/balaam.es\/es\/sobre-balaam\/\" \/>\n<meta property=\"og:site_name\" content=\"BALAAM\" \/>\n<meta property=\"article:modified_time\" content=\"2023-06-12T15:47:32+00:00\" \/>\n<meta property=\"og:image\" content=\"https:\/\/balaam.es\/wp-content\/uploads\/2023\/06\/BALAAM-_-Recto.png\" \/>\n\t<meta property=\"og:image:width\" content=\"1760\" \/>\n\t<meta property=\"og:image:height\" content=\"1100\" \/>\n\t<meta property=\"og:image:type\" content=\"image\/png\" \/>\n<meta name=\"twitter:card\" content=\"summary_large_image\" \/>\n<meta name=\"twitter:label1\" content=\"Tiempo de lectura\" \/>\n\t<meta name=\"twitter:data1\" content=\"2 minutos\" \/>\n<script type=\"application\/ld+json\" class=\"yoast-schema-graph\">{\"@context\":\"https:\/\/schema.org\",\"@graph\":[{\"@type\":\"WebPage\",\"@id\":\"https:\/\/balaam.es\/sobre-balaam\/\",\"url\":\"https:\/\/balaam.es\/sobre-balaam\/\",\"name\":\"BALAAM \u00b7 Conoce a tu terapeuta en Madrid\",\"isPartOf\":{\"@id\":\"https:\/\/balaam.es\/#website\"},\"datePublished\":\"2023-04-30T13:31:10+00:00\",\"dateModified\":\"2023-06-12T15:47:32+00:00\",\"description\":\"Contamos con a\u00f1os de experiencia en diversas t\u00e9cnicas de masajes ancestrales, desde el Kobido japon\u00e9s hasta el Lomi Lomi Nui hawaiano.\",\"breadcrumb\":{\"@id\":\"https:\/\/balaam.es\/sobre-balaam\/#breadcrumb\"},\"inLanguage\":\"es\",\"potentialAction\":[{\"@type\":\"ReadAction\",\"target\":[\"https:\/\/balaam.es\/sobre-balaam\/\"]}]},{\"@type\":\"BreadcrumbList\",\"@id\":\"https:\/\/balaam.es\/sobre-balaam\/#breadcrumb\",\"itemListElement\":[{\"@type\":\"ListItem\",\"position\":1,\"name\":\"Home\",\"item\":\"https:\/\/balaam.es\/en\/\"},{\"@type\":\"ListItem\",\"position\":2,\"name\":\"About us\"}]},{\"@type\":\"WebSite\",\"@id\":\"https:\/\/balaam.es\/#website\",\"url\":\"https:\/\/balaam.es\/\",\"name\":\"BALAAM Masajes Hol\u00edsticos \u00b7 Madrid\",\"description\":\"Masajes Hol\u00edsticos\",\"publisher\":{\"@id\":\"https:\/\/balaam.es\/#organization\"},\"potentialAction\":[{\"@type\":\"SearchAction\",\"target\":{\"@type\":\"EntryPoint\",\"urlTemplate\":\"https:\/\/balaam.es\/?s={search_term_string}\"},\"query-input\":\"required name=search_term_string\"}],\"inLanguage\":\"es\"},{\"@type\":\"Organization\",\"@id\":\"https:\/\/balaam.es\/#organization\",\"name\":\"BALAAM Masajes Hol\u00edsticos \u00b7 Madrid\",\"url\":\"https:\/\/balaam.es\/\",\"logo\":{\"@type\":\"ImageObject\",\"inLanguage\":\"es\",\"@id\":\"https:\/\/balaam.es\/#\/schema\/logo\/image\/\",\"url\":\"https:\/\/balaam.es\/wp-content\/uploads\/2023\/06\/Logo-New-Green.png\",\"contentUrl\":\"https:\/\/balaam.es\/wp-content\/uploads\/2023\/06\/Logo-New-Green.png\",\"width\":369,\"height\":363,\"caption\":\"BALAAM Masajes Hol\u00edsticos \u00b7 Madrid\"},\"image\":{\"@id\":\"https:\/\/balaam.es\/#\/schema\/logo\/image\/\"}}]}<\/script>\n<!-- \/ Yoast SEO plugin. -->","yoast_head_json":{"title":"BALAAM \u00b7 Conoce a tu terapeuta en Madrid","description":"Contamos con a\u00f1os de experiencia en diversas t\u00e9cnicas de masajes ancestrales, desde el Kobido japon\u00e9s hasta el Lomi Lomi Nui hawaiano.","robots":{"index":"index","follow":"follow","max-snippet":"max-snippet:-1","max-image-preview":"max-image-preview:large","max-video-preview":"max-video-preview:-1"},"canonical":"https:\/\/balaam.es\/es\/sobre-balaam\/","og_locale":"es_ES","og_type":"article","og_title":"BALAAM \u00b7 Conoce a tu terapeuta en Madrid","og_description":"Contamos con a\u00f1os de experiencia en diversas t\u00e9cnicas de masajes ancestrales, desde el Kobido japon\u00e9s hasta el Lomi Lomi Nui hawaiano.","og_url":"https:\/\/balaam.es\/es\/sobre-balaam\/","og_site_name":"BALAAM","article_modified_time":"2023-06-12T15:47:32+00:00","og_image":[{"width":1760,"height":1100,"url":"https:\/\/balaam.es\/wp-content\/uploads\/2023\/06\/BALAAM-_-Recto.png","type":"image\/png"}],"twitter_card":"summary_large_image","twitter_misc":{"Tiempo de lectura":"2 minutos"},"schema":{"@context":"https:\/\/schema.org","@graph":[{"@type":"WebPage","@id":"https:\/\/balaam.es\/sobre-balaam\/","url":"https:\/\/balaam.es\/sobre-balaam\/","name":"BALAAM \u00b7 Conoce a tu terapeuta en Madrid","isPartOf":{"@id":"https:\/\/balaam.es\/#website"},"datePublished":"2023-04-30T13:31:10+00:00","dateModified":"2023-06-12T15:47:32+00:00","description":"Contamos con a\u00f1os de experiencia en diversas t\u00e9cnicas de masajes ancestrales, desde el Kobido japon\u00e9s hasta el Lomi Lomi Nui hawaiano.","breadcrumb":{"@id":"https:\/\/balaam.es\/sobre-balaam\/#breadcrumb"},"inLanguage":"es","potentialAction":[{"@type":"ReadAction","target":["https:\/\/balaam.es\/sobre-balaam\/"]}]},{"@type":"BreadcrumbList","@id":"https:\/\/balaam.es\/sobre-balaam\/#breadcrumb","itemListElement":[{"@type":"ListItem","position":1,"name":"Home","item":"https:\/\/balaam.es\/en\/"},{"@type":"ListItem","position":2,"name":"About us"}]},{"@type":"WebSite","@id":"https:\/\/balaam.es\/#website","url":"https:\/\/balaam.es\/","name":"BALAAM Masajes Hol\u00edsticos \u00b7 Madrid","description":"Masajes Hol\u00edsticos","publisher":{"@id":"https:\/\/balaam.es\/#organization"},"potentialAction":[{"@type":"SearchAction","target":{"@type":"EntryPoint","urlTemplate":"https:\/\/balaam.es\/?s={search_term_string}"},"query-input":"required name=search_term_string"}],"inLanguage":"es"},{"@type":"Organization","@id":"https:\/\/balaam.es\/#organization","name":"BALAAM Masajes Hol\u00edsticos \u00b7 Madrid","url":"https:\/\/balaam.es\/","logo":{"@type":"ImageObject","inLanguage":"es","@id":"https:\/\/balaam.es\/#\/schema\/logo\/image\/","url":"https:\/\/balaam.es\/wp-content\/uploads\/2023\/06\/Logo-New-Green.png","contentUrl":"https:\/\/balaam.es\/wp-content\/uploads\/2023\/06\/Logo-New-Green.png","width":369,"height":363,"caption":"BALAAM Masajes Hol\u00edsticos \u00b7 Madrid"},"image":{"@id":"https:\/\/balaam.es\/#\/schema\/logo\/image\/"}}]}},"_links":{"self":[{"href":"https:\/\/balaam.es\/es\/wp-json\/wp\/v2\/pages\/274","targetHints":{"allow":["GET"]}}],"collection":[{"href":"https:\/\/balaam.es\/es\/wp-json\/wp\/v2\/pages"}],"about":[{"href":"https:\/\/balaam.es\/es\/wp-json\/wp\/v2\/types\/page"}],"author":[{"embeddable":true,"href":"https:\/\/balaam.es\/es\/wp-json\/wp\/v2\/users\/1"}],"replies":[{"embeddable":true,"href":"https:\/\/balaam.es\/es\/wp-json\/wp\/v2\/comments?post=274"}],"version-history":[{"count":23,"href":"https:\/\/balaam.es\/es\/wp-json\/wp\/v2\/pages\/274\/revisions"}],"predecessor-version":[{"id":503,"href":"https:\/\/balaam.es\/es\/wp-json\/wp\/v2\/pages\/274\/revisions\/503"}],"wp:featuredmedia":[{"embeddable":true,"href":"https:\/\/balaam.es\/es\/wp-json\/wp\/v2\/media\/501"}],"wp:attachment":[{"href":"https:\/\/balaam.es\/es\/wp-json\/wp\/v2\/media?parent=274"}],"curies":[{"name":"wp","href":"https:\/\/api.w.org\/{rel}","templated":true}]}}